{"id":8,"date":"2024-02-29T18:18:34","date_gmt":"2024-02-29T17:18:34","guid":{"rendered":"https:\/\/lasternecurieuse.com\/?page_id=8"},"modified":"2024-03-03T19:02:07","modified_gmt":"2024-03-03T18:02:07","slug":"a-propos","status":"publish","type":"page","link":"https:\/\/lasternecurieuse.com\/index.php\/a-propos\/","title":{"rendered":"\u00c0 PROPOS"},"content":{"rendered":"\n<div class=\"wp-block-uagb-container uagb-block-7tant04a alignfull uagb-is-root-container\"><div class=\"uagb-container-inner-blocks-wrap\">\n<div class=\"wp-block-columns is-layout-flex wp-container-core-columns-layout-1 wp-block-columns-is-layout-flex\">\n<div class=\"wp-block-column is-layout-flow wp-block-column-is-layout-flow\" style=\"flex-basis:100%\">\n<div class=\"wp-block-uagb-info-box uagb-block-mqml1xns uagb-infobox__content-wrap  uagb-infobox-icon-above-title uagb-infobox-image-valign-top\"><div class=\"uagb-ifb-content\"><div class=\"uagb-ifb-title-wrap\"><h1 class=\"uagb-ifb-title\">Qui se cache derri\u00e8re la sterne curieuse ?<br><br><br><\/h1><\/div><p class=\"uagb-ifb-desc\">Lac J\u00f6kulsarlon &#8211; Islande<\/p><\/div><\/div>\n<\/div>\n<\/div>\n<\/div><\/div>\n\n\n\n<div class=\"wp-block-uagb-container uagb-block-258ab2fa alignfull uagb-is-root-container\">\n<div class=\"wp-block-uagb-container uagb-block-6bd359e1\">\n<div class=\"wp-block-uagb-image uagb-block-60394690 wp-block-uagb-image--layout-default wp-block-uagb-image--effect-static wp-block-uagb-image--align-none\"><figure class=\"wp-block-uagb-image__figure\"><img decoding=\"async\" srcset=\"https:\/\/lasternecurieuse.com\/wp-content\/uploads\/2024\/03\/9386909024_3c69e6cc09_b.jpg ,http:\/\/lasternecurieuse.com\/wp-content\/uploads\/2024\/03\/9386909024_3c69e6cc09_b.jpg 780w, http:\/\/lasternecurieuse.com\/wp-content\/uploads\/2024\/03\/9386909024_3c69e6cc09_b.jpg 360w\" sizes=\"(max-width: 480px) 150px\" src=\"https:\/\/lasternecurieuse.com\/wp-content\/uploads\/2024\/03\/9386909024_3c69e6cc09_b.jpg\" alt=\"\" class=\"uag-image-272\" width=\"1024\" height=\"683\" title=\"9386909024_3c69e6cc09_b\" loading=\"lazy\"\/><\/figure><\/div>\n<\/div>\n\n\n\n<div class=\"wp-block-uagb-container uagb-block-deae22c1\">\n<div class=\"wp-block-uagb-advanced-heading uagb-block-53203d5c\"><h2 class=\"uagb-heading-text\">Pourquoi une sterne ?<\/h2><\/div>\n\n\n\n<p class=\"has-ast-global-color-5-color has-text-color has-link-color wp-elements-73720f9867af1b5e8cdbcf4f6fc706ee\">C&rsquo;est en Islande que j&rsquo;ai fait pour la premi\u00e8re fois connaissance avec cet oiseau. Pr\u00e8s du lac J\u00f6kulsarlon pour \u00eatre plus pr\u00e9cise. <br>Et ma premi\u00e8re rencontre avec cet oiseau ne fut pas des plus amicales : la sterne arctique a la f\u00e2cheuse habitude de faire son nid \u00e0 m\u00eame le sol (de toute fa\u00e7on, en Islande, il n&rsquo;y a pas d&rsquo;arbre !) et elle n&rsquo;h\u00e9site pas \u00e0 d\u00e9fendre sa couv\u00e9e en vous attaquant \u00e0 coups de becs. Mon compagnon et moi en avons fait les frais&#8230; <br>Sous ses airs graciles, la sterne arctique est donc une redoutable combattante mais aussi une voyageuse infatigable : c&rsquo;est en effet l&rsquo;oiseau migrateur qui effectue le plus de kilom\u00e8tres au monde pour voler d&rsquo;un p\u00f4le \u00e0 l&rsquo;autre.<br>Voyageuse, protectrice envers sa famille, fid\u00e8le aux r\u00e9gions circumpolaires, cet oiseau avait tout pour me plaire !<\/p>\n<\/div>\n<\/div>\n\n\n\n<div class=\"wp-block-uagb-container uagb-block-b276bb06 alignfull uagb-is-root-container\"><\/div>\n\n\n\n<div class=\"wp-block-uagb-container uagb-block-ff39520f alignfull uagb-is-root-container\"><div class=\"uagb-container-inner-blocks-wrap\">\n<div class=\"wp-block-uagb-advanced-heading uagb-block-44850ade\"><h2 class=\"uagb-heading-text\">Quelques mots sur moi&#8230;<\/h2><\/div>\n\n\n\n<p>Passionn\u00e9e de voyages depuis plusieurs ann\u00e9es, j&rsquo;ai la chance d&rsquo;avoir un compagnon toujours pr\u00eat \u00e0 se laisser entra\u00eener dans mes aventures. Nous sommes tr\u00e8s compl\u00e9mentaires : \u00e0 moi l&rsquo;organisation en amont et sur place, \u00e0 lui la conduite et la logistique.<br><br>Apr\u00e8s un road trip en Islande en 2014 et un p\u00e9riple en Su\u00e8de et Norv\u00e8ge en 2015, nous sommes tomb\u00e9s compl\u00e8tement sous le charme des pays nordiques : leur lumi\u00e8re si particuli\u00e8re, leur nature pr\u00e9serv\u00e9e et la mentalit\u00e9 de leurs habitants.<br>C&rsquo;est donc tout naturellement que nous avons opt\u00e9 pour le Danemark comme destination de vacances juste apr\u00e8s la naissance de Victor, en 2016. Il \u00e9tait en effet hors de question de mettre les voyages entre parenth\u00e8ses avec la maternit\u00e9. Victor a donc f\u00eat\u00e9 ses trois mois au Danemark, d\u00e9couvert le quatre pattes sur l&rsquo;\u00eele de Lipari (Sicile) et fait ses premiers pas \u00e0 Vienne ! Quand son petit fr\u00e8re Oscar est n\u00e9 en 2018, nous avons tout naturellement choisi la Su\u00e8de et la Finlande pour nos premi\u00e8res vacances \u00e0 4 ! Apr\u00e8s avoir fait ses premiers pas dans l&rsquo;Algarve, Oscar est rapidement devenu aussi baroudeur que son grand fr\u00e8re, et pour tous les deux d\u00e9sormais, vacances = voyages !<br><br>Professeure documentaliste dans un lyc\u00e9e de Nouvelle-Aquitaine, pas de tour du monde pour nous, mais des vacances scolaires souvent bien remplies ! Conscients des enjeux environnementaux li\u00e9s aux d\u00e9placements, nous privil\u00e9gions autant que possible le train, le ferry, la voiture (nous avons un van am\u00e9nag\u00e9) \u00e0 l&rsquo;avion. Nos destinations de pr\u00e9dilection se situent donc majoritairement en Europe (Islande, Su\u00e8de, Norv\u00e8ge, Finlande, Estonie, Lettonie, Lituanie, Allemagne, Belgique, Autriche, Italie, Espagne, Slov\u00e9nie, Gr\u00e8ce, Royaume-Uni&#8230;) avec un vrai coup de c\u0153ur pour les \u00eeles du vieux continent.<br><br>Vous trouverez donc sur ce blog mes conseils pour voyager en famille que ce soit l&rsquo;\u00e9quipement n\u00e9cessaire, des ouvrages ou des activit\u00e9s kids friendly pour chaque destination ainsi que des focus sur certaines destinations coups de c\u0153ur. <\/p>\n<\/div><\/div>\n\n\n\n<div class=\"wp-block-uagb-container uagb-block-d4193d2a alignfull uagb-is-root-container\"><div class=\"uagb-container-inner-blocks-wrap\">\t\t\t\t\t<div\n\t\t\t\t\t\tclass=\"wp-block-uagb-image-gallery uagb-block-867b9706     \"\n\t\t\t\t\t\tstyle=\"\"\n\t\t\t\t\t>\n\t\t\t\t\t\t\t\t\t\t\t<div class=\"spectra-image-gallery spectra-image-gallery__layout--masonry spectra-image-gallery__layout--masonry-col-3 spectra-image-gallery__layout--masonry-col-tab-3 spectra-image-gallery__layout--masonry-col-mob-2\">\n\t\t\t\t\t\t\t\t\t\t\t<div class='spectra-image-gallery__media-wrapper--isotope'>\n\t\t\t\t\t\t\t<div class='spectra-image-gallery__media-wrapper' data-spectra-gallery-image-id='300'>\n\t\t\t\t\t\t\t<div class=\"spectra-image-gallery__media spectra-image-gallery__media--masonry\">\n\t\t\t\t<picture>\n\t\t\t\t\t<source media=\"(min-width: 1024px)\" srcset=\"http:\/\/lasternecurieuse.com\/wp-content\/uploads\/2024\/03\/bananeraie-768x1024.jpg\">\n\t\t\t\t\t<source media=\"(min-width: 768px)\" srcset=\"http:\/\/lasternecurieuse.com\/wp-content\/uploads\/2024\/03\/bananeraie-768x1024.jpg\">\n\t\t\t\t\t<img decoding=\"async\" class=\"spectra-image-gallery__media-thumbnail spectra-image-gallery__media-thumbnail--masonry\" src=\"http:\/\/lasternecurieuse.com\/wp-content\/uploads\/2024\/03\/bananeraie-225x300.jpg\" alt=\"\" loading=\"lazy\" \/>\n\t\t\t\t<\/picture>\n\t\t\t\t<div class=\"spectra-image-gallery__media-thumbnail-blurrer\"><\/div>\n\t\t\t\t\t\t\t\t\t\t\t<div class=\"spectra-image-gallery__media-thumbnail-caption-wrapper spectra-image-gallery__media-thumbnail-caption-wrapper--overlay\"><\/div>\n\t\t\t\t\t\t\t\t<\/div>\n\t\t\t\t\t\t<\/div>\n\t\t\t\t\t\t<\/div>\n\t\t\t\t\t\t<div class='spectra-image-gallery__media-wrapper--isotope'>\n\t\t\t\t\t\t\t<div class='spectra-image-gallery__media-wrapper' data-spectra-gallery-image-id='302'>\n\t\t\t\t\t\t\t<div class=\"spectra-image-gallery__media spectra-image-gallery__media--masonry\">\n\t\t\t\t<picture>\n\t\t\t\t\t<source media=\"(min-width: 1024px)\" srcset=\"http:\/\/lasternecurieuse.com\/wp-content\/uploads\/2024\/03\/tenerife-768x1024.jpg\">\n\t\t\t\t\t<source media=\"(min-width: 768px)\" srcset=\"http:\/\/lasternecurieuse.com\/wp-content\/uploads\/2024\/03\/tenerife-768x1024.jpg\">\n\t\t\t\t\t<img decoding=\"async\" class=\"spectra-image-gallery__media-thumbnail spectra-image-gallery__media-thumbnail--masonry\" src=\"http:\/\/lasternecurieuse.com\/wp-content\/uploads\/2024\/03\/tenerife-225x300.jpg\" alt=\"\" loading=\"lazy\" \/>\n\t\t\t\t<\/picture>\n\t\t\t\t<div class=\"spectra-image-gallery__media-thumbnail-blurrer\"><\/div>\n\t\t\t\t\t\t\t\t\t\t\t<div class=\"spectra-image-gallery__media-thumbnail-caption-wrapper spectra-image-gallery__media-thumbnail-caption-wrapper--overlay\"><\/div>\n\t\t\t\t\t\t\t\t<\/div>\n\t\t\t\t\t\t<\/div>\n\t\t\t\t\t\t<\/div>\n\t\t\t\t\t\t<div class='spectra-image-gallery__media-wrapper--isotope'>\n\t\t\t\t\t\t\t<div class='spectra-image-gallery__media-wrapper' data-spectra-gallery-image-id='301'>\n\t\t\t\t\t\t\t<div class=\"spectra-image-gallery__media spectra-image-gallery__media--masonry\">\n\t\t\t\t<picture>\n\t\t\t\t\t<source media=\"(min-width: 1024px)\" srcset=\"http:\/\/lasternecurieuse.com\/wp-content\/uploads\/2024\/03\/rando-tenerife-768x1024.jpg\">\n\t\t\t\t\t<source media=\"(min-width: 768px)\" srcset=\"http:\/\/lasternecurieuse.com\/wp-content\/uploads\/2024\/03\/rando-tenerife-768x1024.jpg\">\n\t\t\t\t\t<img decoding=\"async\" class=\"spectra-image-gallery__media-thumbnail spectra-image-gallery__media-thumbnail--masonry\" src=\"http:\/\/lasternecurieuse.com\/wp-content\/uploads\/2024\/03\/rando-tenerife-225x300.jpg\" alt=\"\" loading=\"lazy\" \/>\n\t\t\t\t<\/picture>\n\t\t\t\t<div class=\"spectra-image-gallery__media-thumbnail-blurrer\"><\/div>\n\t\t\t\t\t\t\t\t\t\t\t<div class=\"spectra-image-gallery__media-thumbnail-caption-wrapper spectra-image-gallery__media-thumbnail-caption-wrapper--overlay\"><\/div>\n\t\t\t\t\t\t\t\t<\/div>\n\t\t\t\t\t\t<\/div>\n\t\t\t\t\t\t<\/div>\n\t\t\t\t\t\t\t\t\t\t<\/div>\n\t\t\t\t\t\t\t\t\t\t\t\t\t\t\t\t\t\t<\/div>\n\t\t\t\t\t\t\t\t\t<\/div><\/div>\n\n\n\n<div class=\"wp-block-uagb-container uagb-block-29c8db07 alignfull uagb-is-root-container\"><div class=\"uagb-container-inner-blocks-wrap\">\n<p>En v\u00e9ritable amoureuse des \u00eeles qu&rsquo;elles soient tr\u00e8s touristiques ou plus confidentielles, sablonneuses et ensoleill\u00e9es ou battues par les vents et la pluie, celles-ci seront \u00e0 l&rsquo;honneur sur ce blog. Pourquoi ? Pour leur vari\u00e9t\u00e9, pour leur aspect \u00ab\u00a0voyage dans le voyage\u00a0\u00bb, pour leur petit c\u00f4t\u00e9 \u00ab\u00a0bout du monde\u00a0\u00bb, pour la d\u00e9connexion avec le tumulte de la vie quotidienne et la reconnexion avec la nature, \u00e0 pied ou \u00e0 v\u00e9lo pour les plus petites&#8230;<br><br>Les villes ne seront pas en reste, gr\u00e2ce aux diff\u00e9rentes visites et activit\u00e9s qu&rsquo;elles proposent pour les enfants sans avoir besoin de prendre sa voiture et de passer des heures sur la route. Capitales, villes m\u00e9di\u00e9vales ou art nouveau, laissez vous tenter par un city trip en famille !<br><br>Bonne lecture !<\/p>\n\n\n\t\t\t\t\t<div\n\t\t\t\t\t\tclass=\"wp-block-uagb-image-gallery uagb-block-058825d1     \"\n\t\t\t\t\t\tstyle=\"\"\n\t\t\t\t\t>\n\t\t\t\t\t\t\t\t\t\t\t<div class=\"spectra-image-gallery spectra-image-gallery__layout--grid spectra-image-gallery__layout--grid-col-2 spectra-image-gallery__layout--grid-col-tab-2 spectra-image-gallery__layout--grid-col-mob-2\">\n\t\t\t\t\t\t\t\t\t\t\t<div class='spectra-image-gallery__media-wrapper' data-spectra-gallery-image-id='295'>\n\t\t\t\t\t\t\t<div class=\"spectra-image-gallery__media spectra-image-gallery__media--grid\">\n\t\t\t\t<picture>\n\t\t\t\t\t<source media=\"(min-width: 1024px)\" srcset=\"http:\/\/lasternecurieuse.com\/wp-content\/uploads\/2024\/03\/riga-1024x683.jpg\">\n\t\t\t\t\t<source media=\"(min-width: 768px)\" srcset=\"http:\/\/lasternecurieuse.com\/wp-content\/uploads\/2024\/03\/riga-1024x683.jpg\">\n\t\t\t\t\t<img decoding=\"async\" class=\"spectra-image-gallery__media-thumbnail spectra-image-gallery__media-thumbnail--grid\" src=\"http:\/\/lasternecurieuse.com\/wp-content\/uploads\/2024\/03\/riga-300x200.jpg\" alt=\"\" loading=\"lazy\" \/>\n\t\t\t\t<\/picture>\n\t\t\t\t<div class=\"spectra-image-gallery__media-thumbnail-blurrer\"><\/div>\n\t\t\t\t\t\t\t\t\t\t\t<div class=\"spectra-image-gallery__media-thumbnail-caption-wrapper spectra-image-gallery__media-thumbnail-caption-wrapper--overlay\">\n\t\t\t\t\t\t\t\t\t\t\t<div class=\"spectra-image-gallery__media-thumbnail-caption spectra-image-gallery__media-thumbnail-caption--overlay\">\n\t\t\t\t\tRiga\t\t\t\t<\/div>\n\t\t\t\t\t\t\t\t\t\t<\/div>\n\t\t\t\t\t\t\t\t\t<\/div>\n\t\t\t\t\t\t<\/div>\n\t\t\t\t\t\t<div class='spectra-image-gallery__media-wrapper' data-spectra-gallery-image-id='294'>\n\t\t\t\t\t\t\t<div class=\"spectra-image-gallery__media spectra-image-gallery__media--grid\">\n\t\t\t\t<picture>\n\t\t\t\t\t<source media=\"(min-width: 1024px)\" srcset=\"http:\/\/lasternecurieuse.com\/wp-content\/uploads\/2024\/03\/11079220ad38b8da8857ef6de0bfac902488309a0524f0d105d12498483246673d792213-1-1024x768.jpg\">\n\t\t\t\t\t<source media=\"(min-width: 768px)\" srcset=\"http:\/\/lasternecurieuse.com\/wp-content\/uploads\/2024\/03\/11079220ad38b8da8857ef6de0bfac902488309a0524f0d105d12498483246673d792213-1-1024x768.jpg\">\n\t\t\t\t\t<img decoding=\"async\" class=\"spectra-image-gallery__media-thumbnail spectra-image-gallery__media-thumbnail--grid\" src=\"http:\/\/lasternecurieuse.com\/wp-content\/uploads\/2024\/03\/11079220ad38b8da8857ef6de0bfac902488309a0524f0d105d12498483246673d792213-1-300x225.jpg\" alt=\"\" loading=\"lazy\" \/>\n\t\t\t\t<\/picture>\n\t\t\t\t<div class=\"spectra-image-gallery__media-thumbnail-blurrer\"><\/div>\n\t\t\t\t\t\t\t\t\t\t\t<div class=\"spectra-image-gallery__media-thumbnail-caption-wrapper spectra-image-gallery__media-thumbnail-caption-wrapper--overlay\">\n\t\t\t\t\t\t\t\t\t\t\t<div class=\"spectra-image-gallery__media-thumbnail-caption spectra-image-gallery__media-thumbnail-caption--overlay\">\n\t\t\t\t\tVulcano\t\t\t\t<\/div>\n\t\t\t\t\t\t\t\t\t\t<\/div>\n\t\t\t\t\t\t\t\t\t<\/div>\n\t\t\t\t\t\t<\/div>\n\t\t\t\t\t\t\t\t\t\t<\/div>\n\t\t\t\t\t\t\t\t\t\t\t\t\t\t\t\t\t\t<\/div>\n\t\t\t\t\t\t\t\t\t<\/div><\/div>\n","protected":false},"excerpt":{"rendered":"<p>Pourquoi une sterne ? C&rsquo;est en Islande que j&rsquo;ai fait pour la premi\u00e8re fois connaissance avec cet oiseau. Pr\u00e8s du [&hellip;]<\/p>\n","protected":false},"author":1,"featured_media":0,"parent":0,"menu_order":0,"comment_status":"closed","ping_status":"closed","template":"","meta":{"_uag_custom_page_level_css":"","_monsterinsights_skip_tracking":false,"_monsterinsights_sitenote_active":false,"_monsterinsights_sitenote_note":"","_monsterinsights_sitenote_category":0,"site-sidebar-layout":"default","site-content-layout":"","ast-site-content-layout":"","site-content-style":"default","site-sidebar-style":"default","ast-global-header-display":"","ast-banner-title-visibility":"","ast-main-header-display":"","ast-hfb-above-header-display":"","ast-hfb-below-header-display":"","ast-hfb-mobile-header-display":"","site-post-title":"","ast-breadcrumbs-content":"","ast-featured-img":"","footer-sml-layout":"","theme-transparent-header-meta":"","adv-header-id-meta":"","stick-header-meta":"","header-above-stick-meta":"","header-main-stick-meta":"","header-below-stick-meta":"","astra-migrate-meta-layouts":"default","ast-page-background-enabled":"default","ast-page-background-meta":{"desktop":{"background-color":"var(--ast-global-color-4)","background-image":"","background-repeat":"repeat","background-position":"center center","background-size":"auto","background-attachment":"scroll","background-type":"","background-media":"","overlay-type":"","overlay-color":"","overlay-gradient":""},"tablet":{"background-color":"","background-image":"","background-repeat":"repeat","background-position":"center center","background-size":"auto","background-attachment":"scroll","background-type":"","background-media":"","overlay-type":"","overlay-color":"","overlay-gradient":""},"mobile":{"background-color":"","background-image":"","background-repeat":"repeat","background-position":"center center","background-size":"auto","background-attachment":"scroll","background-type":"","background-media":"","overlay-type":"","overlay-color":"","overlay-gradient":""}},"ast-content-background-meta":{"desktop":{"background-color":"var(--ast-global-color-5)","background-image":"","background-repeat":"repeat","background-position":"center center","background-size":"auto","background-attachment":"scroll","background-type":"","background-media":"","overlay-type":"","overlay-color":"","overlay-gradient":""},"tablet":{"background-color":"var(--ast-global-color-5)","background-image":"","background-repeat":"repeat","background-position":"center center","background-size":"auto","background-attachment":"scroll","background-type":"","background-media":"","overlay-type":"","overlay-color":"","overlay-gradient":""},"mobile":{"background-color":"var(--ast-global-color-5)","background-image":"","background-repeat":"repeat","background-position":"center center","background-size":"auto","background-attachment":"scroll","background-type":"","background-media":"","overlay-type":"","overlay-color":"","overlay-gradient":""}},"footnotes":""},"aioseo_notices":[],"uagb_featured_image_src":{"full":false,"thumbnail":false,"medium":false,"medium_large":false,"large":false,"1536x1536":false,"2048x2048":false},"uagb_author_info":{"display_name":"lasternecurieuse.com","author_link":"https:\/\/lasternecurieuse.com\/index.php\/author\/lasternecurieuse-com\/"},"uagb_comment_info":0,"uagb_excerpt":"Pourquoi une sterne ? C&rsquo;est en Islande que j&rsquo;ai fait pour la premi\u00e8re fois connaissance avec cet oiseau. Pr\u00e8s du [&hellip;]","_links":{"self":[{"href":"https:\/\/lasternecurieuse.com\/index.php\/wp-json\/wp\/v2\/pages\/8"}],"collection":[{"href":"https:\/\/lasternecurieuse.com\/index.php\/wp-json\/wp\/v2\/pages"}],"about":[{"href":"https:\/\/lasternecurieuse.com\/index.php\/wp-json\/wp\/v2\/types\/page"}],"author":[{"embeddable":true,"href":"https:\/\/lasternecurieuse.com\/index.php\/wp-json\/wp\/v2\/users\/1"}],"replies":[{"embeddable":true,"href":"https:\/\/lasternecurieuse.com\/index.php\/wp-json\/wp\/v2\/comments?post=8"}],"version-history":[{"count":44,"href":"https:\/\/lasternecurieuse.com\/index.php\/wp-json\/wp\/v2\/pages\/8\/revisions"}],"predecessor-version":[{"id":318,"href":"https:\/\/lasternecurieuse.com\/index.php\/wp-json\/wp\/v2\/pages\/8\/revisions\/318"}],"wp:attachment":[{"href":"https:\/\/lasternecurieuse.com\/index.php\/wp-json\/wp\/v2\/media?parent=8"}],"curies":[{"name":"wp","href":"https:\/\/api.w.org\/{rel}","templated":true}]}}